{"id":62,"date":"2023-03-13T09:21:50","date_gmt":"2023-03-13T09:21:50","guid":{"rendered":"http:\/\/ampcs.de\/?page_id=62"},"modified":"2023-04-17T20:32:29","modified_gmt":"2023-04-17T20:32:29","slug":"reparatur","status":"publish","type":"page","link":"https:\/\/ampcs.de\/?page_id=62","title":{"rendered":"PC &#038; Notebook Reparatur"},"content":{"rendered":"\t\t<div data-elementor-type=\"wp-page\" data-elementor-id=\"62\" class=\"elementor elementor-62\">\n\t\t\t\t\t\t<section class=\"elementor-section elementor-top-section elementor-element elementor-element-47b3e0ba elementor-section-boxed elementor-section-height-default elementor-section-height-default\" data-id=\"47b3e0ba\" data-element_type=\"section\" data-e-type=\"section\">\n\t\t\t\t\t\t<div class=\"elementor-container elementor-column-gap-default\">\n\t\t\t\t\t<div class=\"elementor-column elementor-col-100 elementor-top-column elementor-element elementor-element-13bd5a77\" data-id=\"13bd5a77\" data-element_type=\"column\" data-e-type=\"column\">\n\t\t\t<div class=\"elementor-widget-wrap elementor-element-populated\">\n\t\t\t\t\t\t<div class=\"elementor-element elementor-element-45d75f0b elementor-widget__width-initial elementor-widget elementor-widget-text-editor\" data-id=\"45d75f0b\" data-element_type=\"widget\" data-e-type=\"widget\" data-widget_type=\"text-editor.default\">\n\t\t\t\t\t\t\t\t\t<p><\/p>\n<ul class=\"wp-block-list\">\n<li>\n<p>Kostenlose Fehleranalyse bei anschlie\u00dfender Auftragserteilung<\/p>\n<\/li>\n\n<li>\n<p>Schnelle &amp; Herstellerunabh\u00e4ngige Reparaturen<\/p>\n<\/li>\n\n<li>\n<p>Austausch defekter Komponenten<\/p>\n<\/li>\n\n<li>\n<p>Einbau namhafter Ersatzteile (Neuware)<\/p>\n<\/li>\n\n<li>\n<p>G\u00e4ngige Ersatzteile bereits auf Lager<\/p>\n<\/li>\n\n<li>\n<p>Einbau schneller SSD-Festplatten<\/p>\n<\/li>\n\n<li>\n<p>Flexibele Termingestaltung<\/p>\n<\/li>\n\n<li>\n<p>Eine Reparatur bzw. Aufr\u00fcsten lohnt sich in 75% der F\u00e4lle &amp; ist g\u00fcnstiger als ein Neukauf<\/p>\n<\/li>\n<\/ul>\n<p><\/p>\t\t\t\t\t\t\t\t<\/div>\n\t\t\t\t\t<\/div>\n\t\t<\/div>\n\t\t\t\t\t<\/div>\n\t\t<\/section>\n\t\t\t\t<\/div>\n\t\t","protected":false},"excerpt":{"rendered":"","protected":false},"author":1,"featured_media":0,"parent":0,"menu_order":0,"comment_status":"closed","ping_status":"closed","template":"","meta":{"_crdt_document":"","footnotes":""},"class_list":["post-62","page","type-page","status-publish","hentry"],"_links":{"self":[{"href":"https:\/\/ampcs.de\/index.php?rest_route=\/wp\/v2\/pages\/62","targetHints":{"allow":["GET"]}}],"collection":[{"href":"https:\/\/ampcs.de\/index.php?rest_route=\/wp\/v2\/pages"}],"about":[{"href":"https:\/\/ampcs.de\/index.php?rest_route=\/wp\/v2\/types\/page"}],"author":[{"embeddable":true,"href":"https:\/\/ampcs.de\/index.php?rest_route=\/wp\/v2\/users\/1"}],"replies":[{"embeddable":true,"href":"https:\/\/ampcs.de\/index.php?rest_route=%2Fwp%2Fv2%2Fcomments&post=62"}],"version-history":[{"count":26,"href":"https:\/\/ampcs.de\/index.php?rest_route=\/wp\/v2\/pages\/62\/revisions"}],"predecessor-version":[{"id":904,"href":"https:\/\/ampcs.de\/index.php?rest_route=\/wp\/v2\/pages\/62\/revisions\/904"}],"wp:attachment":[{"href":"https:\/\/ampcs.de\/index.php?rest_route=%2Fwp%2Fv2%2Fmedia&parent=62"}],"curies":[{"name":"wp","href":"https:\/\/api.w.org\/{rel}","templated":true}]}}