{"id":131,"date":"2023-03-19T11:51:29","date_gmt":"2023-03-19T11:51:29","guid":{"rendered":"http:\/\/ampcs.de\/?page_id=131"},"modified":"2023-03-19T19:26:03","modified_gmt":"2023-03-19T19:26:03","slug":"leistungsangebot","status":"publish","type":"page","link":"https:\/\/ampcs.de\/?page_id=131","title":{"rendered":"Leistungsangebot"},"content":{"rendered":"<p><\/p>\r\n<h4 class=\"wp-block-heading\" style=\"text-align: center;\">Netzwerke<\/h4>\r\n<p><\/p>\r\n<p><\/p>\r\n<p class=\"wp-block-paragraph\" style=\"text-align: center;\">Bei der Planung, Erstellung und sp\u00e4teren Administration Ihres Netzwerkes stehe ich Ihnen mit Rat und Tat zur Seite. <br \/>Die Planung eines Netzwerkes spielt eine wichtige Rolle.<\/p>\r\n<p style=\"text-align: center;\"><strong>Zuerst erfolgt eine IST-Aufnahme im Anschluss erfolgt die Planung des SOLL-Zustandes, dem festgestellt wird welche Hard- und Software eingesetzt werden soll.<br \/><\/strong> <br \/>Die technische Umsetzung im Serverbereich erfolgt mit Microsoft Windows.<br \/>Auch wenn sie ein bestehendes Netzwerk haben, an denen Ver\u00e4nderungen durchgef\u00fchrt werden sollen <br \/>( z.B. neue Benutzer anlegen, Hardware ins Netz einbinden, Datensicherung, regelm\u00e4\u00dfige Pflege ) \u00fcbernehme ich das f\u00fcr Sie.<br \/><br \/><\/p>\r\n<p><\/p>\r\n<p><\/p>\r\n<h4 class=\"wp-block-heading\" style=\"text-align: center;\">\u00a0<\/h4>\r\n<h4 style=\"text-align: center;\">Service<\/h4>\r\n<p><\/p>\r\n<p><\/p>\r\n<p class=\"wp-block-paragraph\" style=\"text-align: center;\">Sie haben ein EDV-Problem, das professionell gel\u00f6st werden soll ?<\/p>\r\n<p style=\"text-align: center;\">Sie haben ein Virenproblem ? <br \/>Sie kommen nicht ins Internet ? <br \/>Treiber-Update ?<br \/>Softwareupdate ?<br \/>Ich biete Ihnen Hilfe an zur Bew\u00e4ltigung Ihrer EDV-Probleme.<\/p>\r\n<p style=\"text-align: center;\">Ob eine regelm\u00e4\u00dfige Betreuung Ihrer EDV-Anlage oder der Kurzeinsatz bei momentanen Problemen stehe ich Ihnen gerne zur Seite.<\/p>\r\n<p><\/p>\r\n<p><\/p>\r\n<h4 class=\"wp-block-heading\">\u00a0<\/h4>\r\n<h4 style=\"text-align: center;\">\u00a0<\/h4>\r\n<h4 style=\"text-align: center;\">Internet<\/h4>\r\n<p><\/p>\r\n<p><\/p>\r\n<p class=\"wp-block-paragraph\" style=\"text-align: center;\">Ich bringe Sie ins Internet, egal ob Sie per DSL oder Mobilfunk ins Internet gehen wollen. Meine Dienstleitung umfasst die Installation und Konfiguration Ihrer Hard- und Software, sowie die Beratung der Virensoftware und in der Providerauswahl.<\/p>\r\n<p><\/p>\r\n<p><\/p>\r\n<h4 class=\"wp-block-heading\" style=\"text-align: center;\">\u00a0<\/h4>\r\n<p><\/p>\r\n<p><\/p>\r\n<h4 class=\"wp-block-heading\" style=\"text-align: center;\">\u00a0<\/h4>\r\n<h4 style=\"text-align: center;\">Computer- und Hardwarereinigung<\/h4>\r\n<p><\/p>\r\n<p><\/p>\r\n<p class=\"wp-block-paragraph\" style=\"text-align: center;\">Genauso wie sie Ihr Auto pflegen sollten sie auch\u00a0 Ihre EDV-Anlage regelm\u00e4\u00dfig warten. <br \/>Mit elektrischer Spannung versehene Ger\u00e4te ziehen Schmutz magisch an. <br \/>Um eine \u00dcberhitzung zu verhindern ( z.B. durch L\u00fcfterausfall ) und es dadurch zu einen Totalausfall kommt, sollten Sie in regelm\u00e4\u00dfigen Abst\u00e4nden gereinigt werden.<\/p>\r\n<p>Durch eine regelm\u00e4\u00dfige Reinigung k\u00f6nnen Sie die Ausfallzeiten reduzieren und die Lebensdauer der Ger\u00e4te erh\u00f6hen.<\/p>\r\n<p><\/p>","protected":false},"excerpt":{"rendered":"<p>Netzwerke Bei der Planung, Erstellung und sp\u00e4teren Administration Ihres Netzwerkes stehe ich Ihnen mit Rat und Tat zur Seite. Die Planung eines Netzwerkes spielt eine wichtige Rolle. Zuerst erfolgt eine IST-Aufnahme im Anschluss erfolgt die Planung des SOLL-Zustandes, dem festgestellt wird welche Hard- und Software eingesetzt werden soll. Die technische Umsetzung im Serverbereich erfolgt mit [&hellip;]<\/p>\n","protected":false},"author":1,"featured_media":0,"parent":0,"menu_order":0,"comment_status":"closed","ping_status":"closed","template":"","meta":{"_crdt_document":"","footnotes":""},"class_list":["post-131","page","type-page","status-publish","hentry"],"_links":{"self":[{"href":"https:\/\/ampcs.de\/index.php?rest_route=\/wp\/v2\/pages\/131","targetHints":{"allow":["GET"]}}],"collection":[{"href":"https:\/\/ampcs.de\/index.php?rest_route=\/wp\/v2\/pages"}],"about":[{"href":"https:\/\/ampcs.de\/index.php?rest_route=\/wp\/v2\/types\/page"}],"author":[{"embeddable":true,"href":"https:\/\/ampcs.de\/index.php?rest_route=\/wp\/v2\/users\/1"}],"replies":[{"embeddable":true,"href":"https:\/\/ampcs.de\/index.php?rest_route=%2Fwp%2Fv2%2Fcomments&post=131"}],"version-history":[{"count":8,"href":"https:\/\/ampcs.de\/index.php?rest_route=\/wp\/v2\/pages\/131\/revisions"}],"predecessor-version":[{"id":856,"href":"https:\/\/ampcs.de\/index.php?rest_route=\/wp\/v2\/pages\/131\/revisions\/856"}],"wp:attachment":[{"href":"https:\/\/ampcs.de\/index.php?rest_route=%2Fwp%2Fv2%2Fmedia&parent=131"}],"curies":[{"name":"wp","href":"https:\/\/api.w.org\/{rel}","templated":true}]}}